{"id":2,"date":"2013-01-20T22:20:42","date_gmt":"2013-01-20T22:20:42","guid":{"rendered":"http:\/\/localhost\/wordpress\/?page_id=2"},"modified":"2014-06-02T17:05:23","modified_gmt":"2014-06-02T16:05:23","slug":"page-d-exemple","status":"publish","type":"page","link":"http:\/\/www.amoced.fr\/","title":{"rendered":"Accueil"},"content":{"rendered":"<h1 style=\"text-align: center;\"><span style=\"font-size: x-large;\"><strong><span style=\"text-decoration: underline;\">Bienvenue sur le site d&rsquo;AmoceD<\/span> !<\/strong><\/span><\/h1>\n<p>&nbsp;<\/p>\n<p>AmoceD, une mixit\u00e9 d\u2019exp\u00e9riences et d\u2019univers pour vous accompagner dans l\u2019organisation de vos \u00e9v\u00e9nements. Mais pas seulement\u00a0!<\/p>\n<p>Nous vous conseillons quant \u00e0 la r\u00e9alisation de vos congr\u00e8s, s\u00e9minaires, formations, plaquettes et posters.<\/p>\n<p>Nous nous occupons \u00e9galement de la diffusion de spectacles vivants.<\/p>\n<p>AmoceD, c\u2019est aussi la musique dans tous ses \u00e9tats. La possibilit\u00e9 de toucher du doigt la pratique d\u2019un instrument (accord\u00e9on diatonique, vielle \u00e0 roue) ou bien d\u2019aller plus avant dans sa pratique, seul ou en groupe, avec un professeur dipl\u00f4m\u00e9.<\/p>\n<p>Le mariage de nos univers vous offre la possibilit\u00e9 d\u2019acc\u00e9der \u00e0 un important r\u00e9seau de professionnels, constitu\u00e9 de prestataires dans le domaine culturel notamment. Mais aussi de professionnels de Sant\u00e9, toujours d\u00e9sireux de d\u00e9couvrir de nouveaux spectacles pour compl\u00e9ter l\u2019\u00e9laboration de leurs \u00e9v\u00e8nements.<\/p>\n<p>Musique, th\u00e9\u00e2tre et autres festivit\u00e9s, n\u2019h\u00e9sitez pas \u00e0 nous contacter.<\/p>\n<p>Que vous soyez prestataire \u00e0 la recherche d\u2019une animation, que vous ayez un \u00e9v\u00e9nement \u00e0 organiser, ou une activit\u00e9 \u00e0 diffuser, demandez nous un devis personnalis\u00e9.<\/p>\n<p>Notre \u00e9quipe mettre toutes ses comp\u00e9tences \u00e0 votre \u00e9coute et votre service.<\/p>\n<p align=\"left\"><span style=\"text-decoration: underline;\">Contact<\/span> : contact@amoced.fr<\/p>\n","protected":false},"excerpt":{"rendered":"<p>Bienvenue sur le site d&rsquo;AmoceD ! &nbsp; AmoceD, une mixit\u00e9 d\u2019exp\u00e9riences et d\u2019univers pour vous accompagner dans l\u2019organisation de vos \u00e9v\u00e9nements. Mais pas seulement\u00a0! Nous vous conseillons quant \u00e0 la r\u00e9alisation de vos congr\u00e8s, s\u00e9minaires, formations, plaquettes et posters. Nous nous occupons \u00e9galement de la diffusion de spectacles vivants. AmoceD, c\u2019est aussi la musique dans [&hellip;]<\/p>\n","protected":false},"author":1,"featured_media":0,"parent":0,"menu_order":0,"comment_status":"closed","ping_status":"open","template":"","meta":[],"_links":{"self":[{"href":"http:\/\/www.amoced.fr\/index.php?rest_route=\/wp\/v2\/pages\/2"}],"collection":[{"href":"http:\/\/www.amoced.fr\/index.php?rest_route=\/wp\/v2\/pages"}],"about":[{"href":"http:\/\/www.amoced.fr\/index.php?rest_route=\/wp\/v2\/types\/page"}],"author":[{"embeddable":true,"href":"http:\/\/www.amoced.fr\/index.php?rest_route=\/wp\/v2\/users\/1"}],"replies":[{"embeddable":true,"href":"http:\/\/www.amoced.fr\/index.php?rest_route=%2Fwp%2Fv2%2Fcomments&post=2"}],"version-history":[{"count":37,"href":"http:\/\/www.amoced.fr\/index.php?rest_route=\/wp\/v2\/pages\/2\/revisions"}],"predecessor-version":[{"id":274,"href":"http:\/\/www.amoced.fr\/index.php?rest_route=\/wp\/v2\/pages\/2\/revisions\/274"}],"wp:attachment":[{"href":"http:\/\/www.amoced.fr\/index.php?rest_route=%2Fwp%2Fv2%2Fmedia&parent=2"}],"curies":[{"name":"wp","href":"https:\/\/api.w.org\/{rel}","templated":true}]}}